{"id":37,"date":"2022-06-01T15:37:43","date_gmt":"2022-06-01T15:37:43","guid":{"rendered":"https:\/\/emopal.at\/?page_id=37"},"modified":"2022-07-18T12:28:34","modified_gmt":"2022-07-18T12:28:34","slug":"ueber-uns","status":"publish","type":"page","link":"https:\/\/emopal.at\/index.php\/ueber-uns\/","title":{"rendered":"\u00dcBER UNS"},"content":{"rendered":"\t\t<div data-elementor-type=\"wp-page\" data-elementor-id=\"37\" class=\"elementor elementor-37\" data-elementor-post-type=\"page\">\n\t\t\t\t\t\t<section class=\"elementor-section elementor-top-section elementor-element elementor-element-28e7497 elementor-section-full_width elementor-section-content-middle elementor-section-height-default elementor-section-height-default\" data-id=\"28e7497\" data-element_type=\"section\" data-e-type=\"section\" data-settings=\"{&quot;background_background&quot;:&quot;classic&quot;}\">\n\t\t\t\t\t\t\t<div class=\"elementor-background-overlay\"><\/div>\n\t\t\t\t\t\t\t<div class=\"elementor-container elementor-column-gap-default\">\n\t\t\t\t\t<div class=\"elementor-column elementor-col-100 elementor-top-column elementor-element elementor-element-ca42514\" data-id=\"ca42514\" data-element_type=\"column\" data-e-type=\"column\">\n\t\t\t<div class=\"elementor-widget-wrap elementor-element-populated\">\n\t\t\t\t\t\t<div class=\"elementor-element elementor-element-1bb9952 elementor-widget elementor-widget-heading\" data-id=\"1bb9952\" data-element_type=\"widget\" data-e-type=\"widget\" data-widget_type=\"heading.default\">\n\t\t\t\t<div class=\"elementor-widget-container\">\n\t\t\t\t\t<h2 class=\"elementor-heading-title elementor-size-default\">\u00dcBER UNS<\/h2>\t\t\t\t<\/div>\n\t\t\t\t<\/div>\n\t\t\t\t<div class=\"elementor-element elementor-element-f43ebeb elementor-widget elementor-widget-text-editor\" data-id=\"f43ebeb\" data-element_type=\"widget\" data-e-type=\"widget\" data-widget_type=\"text-editor.default\">\n\t\t\t\t<div class=\"elementor-widget-container\">\n\t\t\t\t\t\t\t\t\t<p><span style=\"color: #99cc00;\"><strong>&#8222;<\/strong><\/span>eScooter oder eMoped \u2026 wie immer du zu deinem eMOPAL sagst, wir verkaufen dir<br \/>nicht nur ein innovatives Fahrgestell, eine energieeffiziente Technik und beste Qualit\u00e4t,<br \/>sondern unser Service und Know-how mit dazu.<\/p><p class=\"p1\">Unser Unternehmen kommt aus der Elektrobranche: Wir besch\u00e4ftigen uns seit vielen<br \/>Jahren mit dem Thema Elektromobilit\u00e4t und sind schon lange begeistert von den Vorteilen:<br \/>eMobilit\u00e4t ist lautlos, abgasfrei, extrem wartungsarm und gu\u0308nstig im Betrieb.<br \/>Das ist unsere Definition von Nachhaltigkeit im Stra\u00dfenverkehr. Deine auch?<\/p><p class=\"p1\">Mach eine Probefahrt und danach kannst du dein eMOPAL gleich im Onlineshop bestellen.<br \/>Wir erz\u00e4hlen dir gerne mehr u\u0308ber die Modelle und stehen dir mit unserer<br \/>Fachkompetenz jederzeit gerne zur Verfu\u0308gung.<span style=\"color: #99cc00;\"><strong>&#8222;<\/strong><\/span><\/p>\t\t\t\t\t\t\t\t<\/div>\n\t\t\t\t<\/div>\n\t\t\t\t<div class=\"elementor-element elementor-element-350f957 elementor-widget elementor-widget-image\" data-id=\"350f957\" data-element_type=\"widget\" data-e-type=\"widget\" data-widget_type=\"image.default\">\n\t\t\t\t<div class=\"elementor-widget-container\">\n\t\t\t\t\t\t\t\t\t\t\t\t\t\t\t<img fetchpriority=\"high\" decoding=\"async\" width=\"800\" height=\"480\" src=\"https:\/\/emopal.at\/wp-content\/uploads\/2022\/07\/unterschrift-1024x615.png\" class=\"attachment-large size-large wp-image-370\" alt=\"\" srcset=\"https:\/\/emopal.at\/wp-content\/uploads\/2022\/07\/unterschrift-1024x615.png 1024w, https:\/\/emopal.at\/wp-content\/uploads\/2022\/07\/unterschrift-300x180.png 300w, https:\/\/emopal.at\/wp-content\/uploads\/2022\/07\/unterschrift-768x461.png 768w, https:\/\/emopal.at\/wp-content\/uploads\/2022\/07\/unterschrift-1536x922.png 1536w, https:\/\/emopal.at\/wp-content\/uploads\/2022\/07\/unterschrift-600x360.png 600w, https:\/\/emopal.at\/wp-content\/uploads\/2022\/07\/unterschrift.png 1965w\" sizes=\"(max-width: 800px) 100vw, 800px\" \/>\t\t\t\t\t\t\t\t\t\t\t\t\t\t\t<\/div>\n\t\t\t\t<\/div>\n\t\t\t\t\t<\/div>\n\t\t<\/div>\n\t\t\t\t\t<\/div>\n\t\t<\/section>\n\t\t\t\t<\/div>\n\t\t","protected":false},"excerpt":{"rendered":"<p>\u00dcBER UNS &#8222;eScooter oder eMoped \u2026 wie immer du zu deinem eMOPAL sagst, wir verkaufen dirnicht nur ein innovatives Fahrgestell, eine energieeffiziente Technik und beste Qualit\u00e4t,sondern unser Service und Know-how mit dazu. Unser Unternehmen kommt aus der Elektrobranche: Wir besch\u00e4ftigen uns seit vielenJahren mit dem Thema Elektromobilit\u00e4t und sind schon lange begeistert von den Vorteilen:eMobilit\u00e4t [&hellip;]<\/p>\n","protected":false},"author":1,"featured_media":0,"parent":0,"menu_order":0,"comment_status":"closed","ping_status":"closed","template":"elementor_header_footer","meta":{"footnotes":""},"class_list":["post-37","page","type-page","status-publish","hentry"],"_links":{"self":[{"href":"https:\/\/emopal.at\/index.php\/wp-json\/wp\/v2\/pages\/37","targetHints":{"allow":["GET"]}}],"collection":[{"href":"https:\/\/emopal.at\/index.php\/wp-json\/wp\/v2\/pages"}],"about":[{"href":"https:\/\/emopal.at\/index.php\/wp-json\/wp\/v2\/types\/page"}],"author":[{"embeddable":true,"href":"https:\/\/emopal.at\/index.php\/wp-json\/wp\/v2\/users\/1"}],"replies":[{"embeddable":true,"href":"https:\/\/emopal.at\/index.php\/wp-json\/wp\/v2\/comments?post=37"}],"version-history":[{"count":35,"href":"https:\/\/emopal.at\/index.php\/wp-json\/wp\/v2\/pages\/37\/revisions"}],"predecessor-version":[{"id":477,"href":"https:\/\/emopal.at\/index.php\/wp-json\/wp\/v2\/pages\/37\/revisions\/477"}],"wp:attachment":[{"href":"https:\/\/emopal.at\/index.php\/wp-json\/wp\/v2\/media?parent=37"}],"curies":[{"name":"wp","href":"https:\/\/api.w.org\/{rel}","templated":true}]}}