{"id":135,"date":"2022-06-03T09:56:38","date_gmt":"2022-06-03T09:56:38","guid":{"rendered":"https:\/\/emopal.at\/?post_type=product&#038;p=135"},"modified":"2024-10-25T08:18:40","modified_gmt":"2024-10-25T08:18:40","slug":"emopal-r804-m8","status":"publish","type":"product","link":"https:\/\/emopal.at\/index.php\/produkt\/emopal-r804-m8\/","title":{"rendered":"eMOPAL R804-M8 Blau"},"content":{"rendered":"<p class=\"p2\"><strong>Technische Daten<\/strong><\/p>\n<p class=\"p3\">Model: R804-M8<span class=\"Apple-converted-space\">\u00a0<\/span><\/p>\n<p class=\"p3\">Reifengr\u00f6\u00dfe: 18 Zoll<span class=\"Apple-converted-space\">\u00a0<\/span><\/p>\n<p class=\"p3\">Scheibenbremsen vorne und hinten<span class=\"Apple-converted-space\">\u00a0<\/span><span class=\"Apple-converted-space\">\u00a0<\/span><\/p>\n<p class=\"p3\">Reichweite: 60-80 km<span class=\"Apple-converted-space\">\u00a0<\/span><\/p>\n<p class=\"p3\">H\u00f6chstgeschwindigkeit: 45 km\/h<span class=\"Apple-converted-space\">\u00a0<\/span><\/p>\n<p class=\"p3\">Max. Belastung: 200 kg<span class=\"Apple-converted-space\">\u00a0<\/span><\/p>\n<p class=\"p3\">Lithium Batterie 60V 20Ah\/30Ah (austauschbar)<span class=\"Apple-converted-space\">\u00a0<\/span><\/p>\n<p class=\"p3\">Maximale Ladezeit: 5 Stunden<span class=\"Apple-converted-space\">\u00a0<\/span><\/p>\n<p class=\"p3\">Motorleistung: 2000 W<span class=\"Apple-converted-space\">\u00a0<\/span><\/p>\n<p>Gewicht: 72 kg<\/p>\n<p>Personen: 1 Person<\/p>\n<p>Display: LCD-Anzeige<\/p>\n<p>Beleuchtung: LED<\/p>\n<p>F\u00fchrerscheinklasse: AM oder B<\/p>\n<p>&nbsp;<\/p>\n<p><strong>F\u00f6rderung:<\/strong><\/p>\n<p>bis \u20ac 600,- m\u00f6glich<\/p>\n<p><a href=\"https:\/\/www.umweltfoerderung.at\/privatpersonen\/e-mobilitaet-2024\/fahrzeuge-ladeinfrastruktur\">F\u00f6rderungsaktion E-Mobilit\u00e4t f\u00fcr Private 2024: Umweltf\u00f6rderung Kommunalkredit Public Consulting (umweltfoerderung.at)<\/a><\/p>\n","protected":false},"excerpt":{"rendered":"<p>Vorf\u00fchrmodell<\/p>\n<p>Was fu\u0308r ein Fahrgefu\u0308hl: komfortabel und sportlich gleichzeitig \u2013 alles, au\u00dfer gew\u00f6hnlich.<\/p>\n","protected":false},"featured_media":154,"comment_status":"open","ping_status":"closed","template":"","meta":[],"product_brand":[],"product_cat":[20,30],"product_tag":[22,21],"class_list":{"0":"post-135","1":"product","2":"type-product","3":"status-publish","4":"has-post-thumbnail","6":"product_cat-alle","7":"product_cat-emopal","8":"product_tag-blau","9":"product_tag-emopal","11":"first","12":"instock","13":"sale","14":"taxable","15":"shipping-taxable","16":"purchasable","17":"product-type-simple"},"_links":{"self":[{"href":"https:\/\/emopal.at\/index.php\/wp-json\/wp\/v2\/product\/135","targetHints":{"allow":["GET"]}}],"collection":[{"href":"https:\/\/emopal.at\/index.php\/wp-json\/wp\/v2\/product"}],"about":[{"href":"https:\/\/emopal.at\/index.php\/wp-json\/wp\/v2\/types\/product"}],"replies":[{"embeddable":true,"href":"https:\/\/emopal.at\/index.php\/wp-json\/wp\/v2\/comments?post=135"}],"wp:featuredmedia":[{"embeddable":true,"href":"https:\/\/emopal.at\/index.php\/wp-json\/wp\/v2\/media\/154"}],"wp:attachment":[{"href":"https:\/\/emopal.at\/index.php\/wp-json\/wp\/v2\/media?parent=135"}],"wp:term":[{"taxonomy":"product_brand","embeddable":true,"href":"https:\/\/emopal.at\/index.php\/wp-json\/wp\/v2\/product_brand?post=135"},{"taxonomy":"product_cat","embeddable":true,"href":"https:\/\/emopal.at\/index.php\/wp-json\/wp\/v2\/product_cat?post=135"},{"taxonomy":"product_tag","embeddable":true,"href":"https:\/\/emopal.at\/index.php\/wp-json\/wp\/v2\/product_tag?post=135"}],"curies":[{"name":"wp","href":"https:\/\/api.w.org\/{rel}","templated":true}]}}