{"id":662,"date":"2024-02-21T11:35:51","date_gmt":"2024-02-21T11:35:51","guid":{"rendered":"https:\/\/emopal.at\/?post_type=product&#038;p=662"},"modified":"2024-03-07T12:16:58","modified_gmt":"2024-03-07T12:16:58","slug":"emopal-et-3000","status":"publish","type":"product","link":"https:\/\/emopal.at\/index.php\/produkt\/emopal-et-3000\/","title":{"rendered":"eMOPAL ET3000"},"content":{"rendered":"<p>H\u00f6chstgeschwindigkeit: 45km\/h<\/p>\n<p>Reichweite: 50 bis 100 km<\/p>\n<p>Motorleistung: 3000 Watt<\/p>\n<p>Akkukapazit\u00e4t: 60 V 23 Ah (14404Wh), 60 V 47 Ah (2808Wh)<\/p>\n<p>Akkuladedauer: 6h (3h mit Schnellladeger\u00e4t)<\/p>\n<p>Akku: 2 Akkus m\u00f6glich, jeweils entnehmbar<\/p>\n<p>Akkulebensdauer: bis 1000 Ladezyklen<\/p>\n<p>Ladestation: kann an jeder 230 V Haushaltssteckdose aufgeladen werden<\/p>\n<p>Motor: wartungsfreier, b\u00fcrstenloser Elektromotor in der Hinterradnabe verbaut<\/p>\n<p>Reifendimension: 120\/70-12 51J Wei\u00dfwandreifen<\/p>\n<p>Bremsen: Scheibenbremsen<\/p>\n<p>Ma\u00dfe L x B x H: 1902 mm x 680 mm x 1140 mm<\/p>\n<p>Gewicht fahrbereit: 92 kg<\/p>\n<p>Personen: 2 Personen<\/p>\n<p>Display: LCD Display in Farbe<\/p>\n<p>Beleuchtung: LED<\/p>\n<p>F\u00fchrerscheinklasse: AM oder B<\/p>\n<p>&nbsp;<\/p>\n<p>F\u00f6rderung: bis \u20ac 600,- m\u00f6glich<\/p>\n<p><a href=\"https:\/\/www.umweltfoerderung.at\/privatpersonen\/e-mobilitaet-2024\/fahrzeuge-ladeinfrastruktur\">E-Mobilit\u00e4t 2024 | Umweltf\u00f6rderung (umweltfoerderung.at)<\/a><\/p>\n","protected":false},"excerpt":{"rendered":"<p>H\u00f6chstgeschwindigkeit: 45km\/h Reichweite: 50 bis 100 km Motorleistung: 3000 Watt Akkukapazit\u00e4t: 60 V 23 Ah (14404Wh), 60 V 47 Ah (2808Wh) Akkuladedauer: 6h (3h mit Schnellladeger\u00e4t) Akku: 2 Akkus m\u00f6glich, jeweils entnehmbar Akkulebensdauer: bis 1000 Ladezyklen Ladestation: kann an jeder 230 V Haushaltssteckdose aufgeladen werden Motor: wartungsfreier, b\u00fcrstenloser Elektromotor in der Hinterradnabe verbaut Reifendimension: 120\/70-12 [&hellip;]<\/p>\n","protected":false},"featured_media":719,"comment_status":"open","ping_status":"closed","template":"","meta":[],"product_brand":[],"product_cat":[20,30],"product_tag":[21,46],"class_list":{"0":"post-662","1":"product","2":"type-product","3":"status-publish","4":"has-post-thumbnail","6":"product_cat-alle","7":"product_cat-emopal","8":"product_tag-emopal","9":"product_tag-et3000","11":"first","12":"instock","13":"taxable","14":"shipping-taxable","15":"purchasable","16":"product-type-variable"},"_links":{"self":[{"href":"https:\/\/emopal.at\/index.php\/wp-json\/wp\/v2\/product\/662","targetHints":{"allow":["GET"]}}],"collection":[{"href":"https:\/\/emopal.at\/index.php\/wp-json\/wp\/v2\/product"}],"about":[{"href":"https:\/\/emopal.at\/index.php\/wp-json\/wp\/v2\/types\/product"}],"replies":[{"embeddable":true,"href":"https:\/\/emopal.at\/index.php\/wp-json\/wp\/v2\/comments?post=662"}],"wp:featuredmedia":[{"embeddable":true,"href":"https:\/\/emopal.at\/index.php\/wp-json\/wp\/v2\/media\/719"}],"wp:attachment":[{"href":"https:\/\/emopal.at\/index.php\/wp-json\/wp\/v2\/media?parent=662"}],"wp:term":[{"taxonomy":"product_brand","embeddable":true,"href":"https:\/\/emopal.at\/index.php\/wp-json\/wp\/v2\/product_brand?post=662"},{"taxonomy":"product_cat","embeddable":true,"href":"https:\/\/emopal.at\/index.php\/wp-json\/wp\/v2\/product_cat?post=662"},{"taxonomy":"product_tag","embeddable":true,"href":"https:\/\/emopal.at\/index.php\/wp-json\/wp\/v2\/product_tag?post=662"}],"curies":[{"name":"wp","href":"https:\/\/api.w.org\/{rel}","templated":true}]}}