{"id":734,"date":"2024-02-21T17:03:37","date_gmt":"2024-02-21T17:03:37","guid":{"rendered":"https:\/\/emopal.at\/?post_type=product&#038;p=734"},"modified":"2024-03-05T10:17:28","modified_gmt":"2024-03-05T10:17:28","slug":"emopal-et-5000","status":"publish","type":"product","link":"https:\/\/emopal.at\/index.php\/produkt\/emopal-et-5000\/","title":{"rendered":"eMOPAL ET5000"},"content":{"rendered":"<p><strong>Technische Daten<\/strong><\/p>\n<p>H\u00f6chstgeschwindigkeit: 90 km\/h<\/p>\n<p>Reichweite: bis 120 km<\/p>\n<p>Motorleistung: 5000 Watt<\/p>\n<p>Akkukapazit\u00e4t: 72V 60Ah (4320Wh)<\/p>\n<p>Akkuladedauer: 6 h (4 h mit Schnellladeger\u00e4t)<\/p>\n<p>Akku: entnehmbar<\/p>\n<p>Akkulebensdauer: ab 800-1000 Ladezyklen noch ca. 80% Akkukapazit\u00e4t<\/p>\n<p>Ladestation: kann an jeder 230 V Haushaltssteckdose aufgeladen werden<\/p>\n<p>Motor: b\u00fcrstenloser Elektromotor an der Hinterradschwinge verbaut<\/p>\n<p>Reifendimension: 120\/70-12\u00a0 51J Wei\u00dfwandreifen<\/p>\n<p>Bremsen: Scheibenbremsen mit ABS<\/p>\n<p>Ma\u00dfe L x B x H: 1920 mm x 680 mm x 1140 mm<\/p>\n<p>Gewicht fahrbereit: 114 kg (inkl. Akku)<\/p>\n<p>Personen: 2 Personen<\/p>\n<p>Display: LCD Display in Farbe<\/p>\n<p>Beleuchtung: LED<\/p>\n<p>&nbsp;<\/p>\n<p><strong>F\u00f6rderung:<\/strong><\/p>\n<p>bis \u20ac 1200,- m\u00f6glich<\/p>\n<p><a href=\"https:\/\/www.umweltfoerderung.at\/privatpersonen\/e-mobilitaet-2024\/fahrzeuge-ladeinfrastruktur\">F\u00f6rderungsaktion E-Mobilit\u00e4t f\u00fcr Private 2024: Umweltf\u00f6rderung Kommunalkredit Public Consulting (umweltfoerderung.at)<\/a><\/p>\n<p>&nbsp;<\/p>\n<p><strong>F\u00fchrerscheinklasse:<\/strong><\/p>\n<p>A1 oder B mit Code 111<\/p>\n<p><a href=\"https:\/\/www.sauer.at\/files\/20220201_-_infozettel_125ccm_ausbildung.pdf\">https:\/\/www.sauer.at\/files\/20220201_-_infozettel_125ccm_ausbildung.pdf<\/a><\/p>\n","protected":false},"excerpt":{"rendered":"<p>Technische Daten H\u00f6chstgeschwindigkeit: 90 km\/h Reichweite: bis 120 km Motorleistung: 5000 Watt Akkukapazit\u00e4t: 72V 60Ah (4320Wh) Akkuladedauer: 6 h (4 h mit Schnellladeger\u00e4t) Akku: entnehmbar Akkulebensdauer: ab 800-1000 Ladezyklen noch ca. 80% Akkukapazit\u00e4t Ladestation: kann an jeder 230 V Haushaltssteckdose aufgeladen werden Motor: b\u00fcrstenloser Elektromotor an der Hinterradschwinge verbaut Reifendimension: 120\/70-12\u00a0 51J Wei\u00dfwandreifen Bremsen: Scheibenbremsen [&hellip;]<\/p>\n","protected":false},"featured_media":752,"comment_status":"open","ping_status":"closed","template":"","meta":[],"product_brand":[],"product_cat":[20,30],"product_tag":[21,47],"class_list":{"0":"post-734","1":"product","2":"type-product","3":"status-publish","4":"has-post-thumbnail","6":"product_cat-alle","7":"product_cat-emopal","8":"product_tag-emopal","9":"product_tag-et5000","11":"first","12":"instock","13":"taxable","14":"shipping-taxable","15":"purchasable","16":"product-type-variable"},"_links":{"self":[{"href":"https:\/\/emopal.at\/index.php\/wp-json\/wp\/v2\/product\/734","targetHints":{"allow":["GET"]}}],"collection":[{"href":"https:\/\/emopal.at\/index.php\/wp-json\/wp\/v2\/product"}],"about":[{"href":"https:\/\/emopal.at\/index.php\/wp-json\/wp\/v2\/types\/product"}],"replies":[{"embeddable":true,"href":"https:\/\/emopal.at\/index.php\/wp-json\/wp\/v2\/comments?post=734"}],"wp:featuredmedia":[{"embeddable":true,"href":"https:\/\/emopal.at\/index.php\/wp-json\/wp\/v2\/media\/752"}],"wp:attachment":[{"href":"https:\/\/emopal.at\/index.php\/wp-json\/wp\/v2\/media?parent=734"}],"wp:term":[{"taxonomy":"product_brand","embeddable":true,"href":"https:\/\/emopal.at\/index.php\/wp-json\/wp\/v2\/product_brand?post=734"},{"taxonomy":"product_cat","embeddable":true,"href":"https:\/\/emopal.at\/index.php\/wp-json\/wp\/v2\/product_cat?post=734"},{"taxonomy":"product_tag","embeddable":true,"href":"https:\/\/emopal.at\/index.php\/wp-json\/wp\/v2\/product_tag?post=734"}],"curies":[{"name":"wp","href":"https:\/\/api.w.org\/{rel}","templated":true}]}}